{"id":9,"date":"2023-04-27T10:37:29","date_gmt":"2023-04-27T10:37:29","guid":{"rendered":"https:\/\/staging.la-pommeraie.be\/?page_id=9"},"modified":"2023-05-03T08:21:55","modified_gmt":"2023-05-03T08:21:55","slug":"activites","status":"publish","type":"page","link":"https:\/\/la-pommeraie.be\/index.php\/activites\/","title":{"rendered":"Activit\u00e9s"},"content":{"rendered":"\n<figure class=\"wp-block-image size-large\"><img loading=\"lazy\" decoding=\"async\" width=\"1024\" height=\"577\" src=\"https:\/\/la-pommeraie.be\/wp-content\/uploads\/2023\/05\/ATELIER-1024x577.jpg\" alt=\"\" class=\"wp-image-175\" srcset=\"https:\/\/la-pommeraie.be\/wp-content\/uploads\/2023\/05\/ATELIER-1024x577.jpg 1024w, https:\/\/la-pommeraie.be\/wp-content\/uploads\/2023\/05\/ATELIER-300x169.jpg 300w, https:\/\/la-pommeraie.be\/wp-content\/uploads\/2023\/05\/ATELIER-768x433.jpg 768w, https:\/\/la-pommeraie.be\/wp-content\/uploads\/2023\/05\/ATELIER-1536x865.jpg 1536w, https:\/\/la-pommeraie.be\/wp-content\/uploads\/2023\/05\/ATELIER-1568x883.jpg 1568w, https:\/\/la-pommeraie.be\/wp-content\/uploads\/2023\/05\/ATELIER.jpg 1640w\" sizes=\"auto, (max-width: 1024px) 100vw, 1024px\" \/><\/figure>\n\n\n\n<p><em>Les journ\u00e9es des r\u00e9sidents sont jalonn\u00e9es de multiples activit\u00e9s. Elles servent de support relationnel et sont mises en lien avec le projet individuel du r\u00e9sident ou le projet du foyer de vie.<\/em><\/p>\n\n\n\n<h2 class=\"wp-block-heading\">Les Ateliers<\/h2>\n\n\n\n<p>L\u2019\u00e9quipe des ateliers propose aux r\u00e9sidents des 3 foyers des activit\u00e9s qui permettent de r\u00e9pondre au mieux \u00e0 leurs besoins, besoins allant des besoins physiologiques aux besoins de r\u00e9alisation de soi.<\/p>\n\n\n\n<p>L\u2019\u00e9quipe est compos\u00e9e de 6 personnes ayant des formations compl\u00e9mentaires&nbsp;: \u00e9ducateur(trice), kin\u00e9sith\u00e9rapeute, ergoth\u00e9rapeute, psychomotricien(ne) et nourrit l\u2019objectif de travailler en transdisciplinarit\u00e9.<\/p>\n\n\n\n<p>L\u2019\u00e9quipe des ateliers travaille en \u00e9troite collaboration avec les \u00e9quipes d\u2019h\u00e9bergement&nbsp;: participation \u00e0 la r\u00e9union de programmation de chaque r\u00e9sident, rencontre r\u00e9guli\u00e8re avec les responsables des foyers, \u00e9changes quotidiens avec les \u00e9ducateurs des foyers, observations \u00e9crites dans les cahiers individuels\u2026<\/p>\n\n\n\n<p>Les activit\u00e9s propos\u00e9es peuvent se regrouper en 4 cat\u00e9gories&nbsp;:<\/p>\n\n\n\n<ul class=\"wp-block-list\">\n<li>Les activit\u00e9s sportives (natation, marche, psychomotricit\u00e9, \u00e9quitation adapt\u00e9e, cirque \u2026)<\/li>\n\n\n\n<li>Les activit\u00e9s sensorielles (hippoth\u00e9rapie, snoezelen, massage, piscine relaxation en eau chaude, cuisine cantou, balade\u2026)<\/li>\n\n\n\n<li>Les activit\u00e9s de production (fabrication de K-lumet, fabrication de jus de pomme, fabrication de biscuits, conditionnement de l\u00e9gumes du potager\u2026)<\/li>\n\n\n\n<li>Les activit\u00e9s manuelles (bricolage, peinture \u2026)<\/li>\n<\/ul>\n\n\n\n<h2 class=\"wp-block-heading\">Les activit\u00e9s individuelles dans les foyers<\/h2>\n\n\n\n<p>Tous les temps de la vie quotidienne tels que le repas, la toilette, sont des temps d\u2019activit\u00e9s au m\u00eame titre que le jeu ou le sport. Le r\u00e9sident a des besoins et mis \u00e0 part les besoins vitaux qui sont manger, dormir, prendre soin de soi, il y a aussi :<\/p>\n\n\n\n<ul class=\"wp-block-list\">\n<li>le besoin de reconnaissance, d\u2019affection, de s\u00e9curit\u00e9, de rep\u00e8res<\/li>\n\n\n\n<li>le besoin de rythmes de vie r\u00e9guliers<\/li>\n\n\n\n<li>le besoin de calme, de douceur<\/li>\n\n\n\n<li>le besoin de jouer, de r\u00eaver, d\u2019imaginer<\/li>\n\n\n\n<li>le besoin d\u2019\u00eatre \u00e9cout\u00e9, de s\u2019exprimer<\/li>\n\n\n\n<li>le besoin de se retrouver seul et d\u2019agir seul.<\/li>\n<\/ul>\n\n\n\n<div class=\"wp-block-group is-style-twentytwentyone-border has-yellow-background-color has-background\"><div class=\"wp-block-group__inner-container is-layout-constrained wp-block-group-is-layout-constrained\">\n<p class=\"has-yellow-background-color has-background\">Comme tout un chacun dans notre soci\u00e9t\u00e9 moderne, nous participons \u00e0 des activit\u00e9s \u00e0 l\u2019ext\u00e9rieur de notre lieu d\u2019habitation. Cela permet de se construire un r\u00e9seau social et de changer r\u00e9guli\u00e8rement d\u2019environnement. Il en est de m\u00eame pour les r\u00e9sidents de la Pommeraie pour qui proposer un panel d\u2019activit\u00e9s, uniquement sur le lieu de vie habituel, pr\u00e9senterait au bout de quelques ann\u00e9es une forme de non-int\u00e9gration. Ce sont des activit\u00e9s indispensables \u00e0 la socialisation et \u00e0 l\u2019int\u00e9gration.<br><br>Concr\u00e8tement, cela se signifie :<\/p>\n\n\n\n<ul class=\"wp-block-list\">\n<li>la participation aux manifestations sportives, culturelles et artistiques,<\/li>\n\n\n\n<li>les promenades, &#8211; les rdv m\u00e9dicaux, les rdv coiffeur,<\/li>\n\n\n\n<li>les achats dans les magasins et centres commerciaux,<\/li>\n\n\n\n<li>les s\u00e9jours de vacances,<\/li>\n\n\n\n<li>la participation au monde associatif,<\/li>\n\n\n\n<li>les rencontres et les collaborations interinstitutionnelles \u2026<\/li>\n<\/ul>\n<\/div><\/div>\n","protected":false},"excerpt":{"rendered":"<p>Les journ\u00e9es des r\u00e9sidents sont jalonn\u00e9es de multiples activit\u00e9s. Elles servent de support relationnel et sont mises en lien avec le projet individuel du r\u00e9sident ou le projet du foyer de vie. Les Ateliers L\u2019\u00e9quipe des ateliers propose aux r\u00e9sidents des 3 foyers des activit\u00e9s qui permettent de r\u00e9pondre au mieux \u00e0 leurs besoins, besoins&hellip; <a class=\"more-link\" href=\"https:\/\/la-pommeraie.be\/index.php\/activites\/\">Poursuivre la lecture <span class=\"screen-reader-text\">Activit\u00e9s<\/span><\/a><\/p>\n","protected":false},"author":1,"featured_media":0,"parent":0,"menu_order":0,"comment_status":"closed","ping_status":"closed","template":"","meta":{"footnotes":""},"class_list":["post-9","page","type-page","status-publish","hentry","entry"],"_links":{"self":[{"href":"https:\/\/la-pommeraie.be\/index.php\/wp-json\/wp\/v2\/pages\/9","targetHints":{"allow":["GET"]}}],"collection":[{"href":"https:\/\/la-pommeraie.be\/index.php\/wp-json\/wp\/v2\/pages"}],"about":[{"href":"https:\/\/la-pommeraie.be\/index.php\/wp-json\/wp\/v2\/types\/page"}],"author":[{"embeddable":true,"href":"https:\/\/la-pommeraie.be\/index.php\/wp-json\/wp\/v2\/users\/1"}],"replies":[{"embeddable":true,"href":"https:\/\/la-pommeraie.be\/index.php\/wp-json\/wp\/v2\/comments?post=9"}],"version-history":[{"count":15,"href":"https:\/\/la-pommeraie.be\/index.php\/wp-json\/wp\/v2\/pages\/9\/revisions"}],"predecessor-version":[{"id":180,"href":"https:\/\/la-pommeraie.be\/index.php\/wp-json\/wp\/v2\/pages\/9\/revisions\/180"}],"wp:attachment":[{"href":"https:\/\/la-pommeraie.be\/index.php\/wp-json\/wp\/v2\/media?parent=9"}],"curies":[{"name":"wp","href":"https:\/\/api.w.org\/{rel}","templated":true}]}}