{"id":15,"date":"2023-04-27T10:37:29","date_gmt":"2023-04-27T10:37:29","guid":{"rendered":"https:\/\/staging.la-pommeraie.be\/?page_id=15"},"modified":"2023-05-03T08:17:41","modified_gmt":"2023-05-03T08:17:41","slug":"nous-soutenir","status":"publish","type":"page","link":"https:\/\/la-pommeraie.be\/index.php\/nous-soutenir\/","title":{"rendered":"Nous soutenir"},"content":{"rendered":"\n<figure class=\"wp-block-image alignwide size-large\"><img loading=\"lazy\" decoding=\"async\" width=\"1024\" height=\"356\" src=\"https:\/\/la-pommeraie.be\/wp-content\/uploads\/2023\/04\/12.-NOUS-SOUTENIR-1024x356.jpg\" alt=\"\" class=\"wp-image-113\" srcset=\"https:\/\/la-pommeraie.be\/wp-content\/uploads\/2023\/04\/12.-NOUS-SOUTENIR-1024x356.jpg 1024w, https:\/\/la-pommeraie.be\/wp-content\/uploads\/2023\/04\/12.-NOUS-SOUTENIR-300x104.jpg 300w, https:\/\/la-pommeraie.be\/wp-content\/uploads\/2023\/04\/12.-NOUS-SOUTENIR-768x267.jpg 768w, https:\/\/la-pommeraie.be\/wp-content\/uploads\/2023\/04\/12.-NOUS-SOUTENIR-1536x534.jpg 1536w, https:\/\/la-pommeraie.be\/wp-content\/uploads\/2023\/04\/12.-NOUS-SOUTENIR-2048x712.jpg 2048w, https:\/\/la-pommeraie.be\/wp-content\/uploads\/2023\/04\/12.-NOUS-SOUTENIR-1568x545.jpg 1568w\" sizes=\"auto, (max-width: 1024px) 100vw, 1024px\" \/><\/figure>\n\n\n\n<p><em>Si La Pommeraie a pu voir le jour, c\u2019est aussi et surtout gr\u00e2ce \u00e0 l\u2019appui d\u2019un r\u00e9seau d\u2019amis, de connaissances, de particuliers sensibilis\u00e9s \u00e0 la probl\u00e9matique des personnes moins valides et de services club particuli\u00e8rement actifs et g\u00e9n\u00e9reux. Aujourd\u2019hui, beaucoup de celles et ceux qui nous ont aid\u00e9s depuis le d\u00e9but ne sont plus l\u00e0 et le nerf de la guerre reste toujours le m\u00eame&nbsp;: Les moyens financiers.<\/em><\/p>\n\n\n\n<p>Les subsides de l\u2019AVIQ ne suffisent pas pour assurer le fonctionnement de notre \u00e9tablissement. Nous devons trouver chaque ann\u00e9e des sommes toujours plus importantes pour \u00e9quilibrer le budget et assurer ainsi la vie et la p\u00e9rennit\u00e9 de La Pommeraie. C\u2019est la raison pour laquelle nous faisons appel \u00e0 vous et \u00e0 votre g\u00e9n\u00e9rosit\u00e9.<\/p>\n\n\n\n<h2 class=\"wp-block-heading\"><strong>Comment nous aider&nbsp;?<\/strong><\/h2>\n\n\n\n<ul class=\"wp-block-list\">\n<li>Le don particulier&nbsp;: Vous verser votre don sur le compte de l\u2019asbl en une ou plusieurs fois. Si votre don atteint ou d\u00e9passe 40 \u20ac, vous recevrez automatiquement une attestation fiscale.<\/li>\n\n\n\n<li>Sur les faire-part&nbsp;: En invitant les destinataires des faire-part (anniversaire, mariage, d\u00e9c\u00e8s\u2026) de remplacer les envois de fleurs par un don pour La Pommeraie.<\/li>\n\n\n\n<li>Les testaments&nbsp;: Aux a\u00een\u00e9s qui veulent l\u00e9guer la totalit\u00e9 ou une partie de leur patrimoine, il suffit de r\u00e9diger un testament olographe ou mieux encore de s\u2019adresser \u00e0 leur notaire.<\/li>\n\n\n\n<li>Le legs en duo&nbsp;: Cette formule permet de l\u00e9guer \u00e0 la personne ou \u00e0 une asbl un bien net de tout imp\u00f4t. Il suffit de prendre contact avec un notaire et lui signaler que vous voulez que La Pommeraie soit la deuxi\u00e8me partie du duo.<br><\/li>\n<\/ul>\n\n\n\n<p>C\u2019est La Pommeraie qui prendra en charge la totalit\u00e9 des droits de succession pour autant que la part qu\u2019elle recevra soit suffisante.<br><\/p>\n\n\n\n<p>Comme vous le voyez les moyens de nous aider ne manquent pas.<\/p>\n\n\n\n<p>Compte bancaire\u00a0: BE 28 0010 3385 7120 &#8211; Au nom de l\u2019ASBL ARSIM<\/p>\n","protected":false},"excerpt":{"rendered":"<p>Si La Pommeraie a pu voir le jour, c\u2019est aussi et surtout gr\u00e2ce \u00e0 l\u2019appui d\u2019un r\u00e9seau d\u2019amis, de connaissances, de particuliers sensibilis\u00e9s \u00e0 la probl\u00e9matique des personnes moins valides et de services club particuli\u00e8rement actifs et g\u00e9n\u00e9reux. Aujourd\u2019hui, beaucoup de celles et ceux qui nous ont aid\u00e9s depuis le d\u00e9but ne sont plus l\u00e0&hellip; <a class=\"more-link\" href=\"https:\/\/la-pommeraie.be\/index.php\/nous-soutenir\/\">Poursuivre la lecture <span class=\"screen-reader-text\">Nous soutenir<\/span><\/a><\/p>\n","protected":false},"author":1,"featured_media":0,"parent":0,"menu_order":0,"comment_status":"closed","ping_status":"closed","template":"","meta":{"footnotes":""},"class_list":["post-15","page","type-page","status-publish","hentry","entry"],"_links":{"self":[{"href":"https:\/\/la-pommeraie.be\/index.php\/wp-json\/wp\/v2\/pages\/15","targetHints":{"allow":["GET"]}}],"collection":[{"href":"https:\/\/la-pommeraie.be\/index.php\/wp-json\/wp\/v2\/pages"}],"about":[{"href":"https:\/\/la-pommeraie.be\/index.php\/wp-json\/wp\/v2\/types\/page"}],"author":[{"embeddable":true,"href":"https:\/\/la-pommeraie.be\/index.php\/wp-json\/wp\/v2\/users\/1"}],"replies":[{"embeddable":true,"href":"https:\/\/la-pommeraie.be\/index.php\/wp-json\/wp\/v2\/comments?post=15"}],"version-history":[{"count":14,"href":"https:\/\/la-pommeraie.be\/index.php\/wp-json\/wp\/v2\/pages\/15\/revisions"}],"predecessor-version":[{"id":177,"href":"https:\/\/la-pommeraie.be\/index.php\/wp-json\/wp\/v2\/pages\/15\/revisions\/177"}],"wp:attachment":[{"href":"https:\/\/la-pommeraie.be\/index.php\/wp-json\/wp\/v2\/media?parent=15"}],"curies":[{"name":"wp","href":"https:\/\/api.w.org\/{rel}","templated":true}]}}