{"id":13,"date":"2023-04-27T10:37:29","date_gmt":"2023-04-27T10:37:29","guid":{"rendered":"https:\/\/staging.la-pommeraie.be\/?page_id=13"},"modified":"2023-04-29T09:51:05","modified_gmt":"2023-04-29T09:51:05","slug":"court-sejour","status":"publish","type":"page","link":"https:\/\/la-pommeraie.be\/index.php\/court-sejour\/","title":{"rendered":"Court s\u00e9jour"},"content":{"rendered":"\n<main class=\"wp-block-group\" style=\"padding-top:0px;padding-right:0px;padding-bottom:0px;padding-left:0px\"><div class=\"wp-block-group__inner-container is-layout-constrained wp-container-core-group-is-layout-f64f944e wp-block-group-is-layout-constrained\">\n<main class=\"wp-block-group\"><div class=\"wp-block-group__inner-container is-layout-constrained wp-block-group-is-layout-constrained\">\n<div class=\"wp-block-group\"><div class=\"wp-block-group__inner-container is-layout-constrained wp-block-group-is-layout-constrained\">\n<div class=\"wp-block-group\"><div class=\"wp-block-group__inner-container is-layout-constrained wp-block-group-is-layout-constrained\">\n<div class=\"wp-block-group\"><div class=\"wp-block-group__inner-container is-layout-constrained wp-block-group-is-layout-constrained\">\n<div class=\"wp-block-group\"><div class=\"wp-block-group__inner-container is-layout-constrained wp-block-group-is-layout-constrained\">\n<div class=\"wp-block-group\"><div class=\"wp-block-group__inner-container is-layout-constrained wp-block-group-is-layout-constrained\">\n<div class=\"wp-block-group\"><div class=\"wp-block-group__inner-container is-layout-constrained wp-block-group-is-layout-constrained\">\n<div class=\"wp-block-group\"><div class=\"wp-block-group__inner-container is-layout-constrained wp-block-group-is-layout-constrained\">\n<div class=\"wp-block-group alignfull\"><div class=\"wp-block-group__inner-container is-layout-constrained wp-block-group-is-layout-constrained\">\n<figure class=\"wp-block-image alignwide is-style-default\"><img loading=\"lazy\" decoding=\"async\" width=\"1640\" height=\"924\" src=\"https:\/\/la-pommeraie.be\/wp-content\/uploads\/2023\/04\/maison_court_sejour.jpg\" alt=\"\" class=\"wp-image-36\" srcset=\"https:\/\/la-pommeraie.be\/wp-content\/uploads\/2023\/04\/maison_court_sejour.jpg 1640w, https:\/\/la-pommeraie.be\/wp-content\/uploads\/2023\/04\/maison_court_sejour-300x169.jpg 300w, https:\/\/la-pommeraie.be\/wp-content\/uploads\/2023\/04\/maison_court_sejour-1024x577.jpg 1024w, https:\/\/la-pommeraie.be\/wp-content\/uploads\/2023\/04\/maison_court_sejour-768x433.jpg 768w, https:\/\/la-pommeraie.be\/wp-content\/uploads\/2023\/04\/maison_court_sejour-1536x865.jpg 1536w, https:\/\/la-pommeraie.be\/wp-content\/uploads\/2023\/04\/maison_court_sejour-1568x883.jpg 1568w\" sizes=\"auto, (max-width: 1640px) 100vw, 1640px\" \/><\/figure>\n\n\n\n<p><em>Besoin de souffler ? Prendre quelques jours de vacances ? Une hospitalisation ? Habituer votre enfant doucement \u00e0 un h\u00e9bergement adulte ?&#8230;<\/em><br><em>Toutes ses raisons peuvent vous pousser \u00e0 avoir recours \u00e0 notre service Court-s\u00e9jour\u2026<\/em><\/p>\n\n\n\n<p>L&rsquo;objectif de ce service est l&rsquo;accueil r\u00e9sidentiel ponctuel d&rsquo;une personne en situation de handicap. Les s\u00e9jours peuvent \u00eatre multiples et de longueur vari\u00e9e en fonction de la demande mais ne peuvent d\u00e9passer 90 jours par ann\u00e9e civile.<\/p>\n<\/div><\/div>\n<\/div><\/div>\n<\/div><\/div>\n<\/div><\/div>\n\n\n\n<div class=\"wp-block-group\"><div class=\"wp-block-group__inner-container is-layout-constrained wp-block-group-is-layout-constrained\">\n<p>Si la personne fr\u00e9quente habituellement un SAJA (Service Accueil de Jour pour Adultes), le maintien de l&rsquo;activit\u00e9 quotidienne peut s&rsquo;envisager. Nous travaillons en collaboration avec les SAJA de la r\u00e9gion .<\/p>\n<\/div><\/div>\n<\/div><\/div>\n\n\n\n<p>La Maison court-s\u00e9jour est ouverte 1 semaine \/2 et peut accueillir 4 personnes (dont 1 personne \u00e0 mobilit\u00e9 r\u00e9duite)<br><\/p>\n<\/div><\/div>\n<\/div><\/div>\n\n\n\n<div class=\"wp-block-group\"><div class=\"wp-block-group__inner-container is-layout-constrained wp-block-group-is-layout-constrained\">\n<p>Cet accueil se fera apr\u00e8s accord de l\u2019AVIQ (vous devez \u00eatre en possession d&rsquo;une autorisation de prise en charge pour un Service Court-s\u00e9jour) et concertation avec la Pommeraie.<\/p>\n<\/div><\/div>\n<\/div><\/div>\n\n\n\n<p>Pour toutes demandes de renseignements, contacter Ludmila Sl\u00e9gers (assistante sociale) au 085.241474<\/p>\n<\/div><\/main>\n<\/div><\/main>\n","protected":false},"excerpt":{"rendered":"<p>Besoin de souffler ? Prendre quelques jours de vacances ? Une hospitalisation ? Habituer votre enfant doucement \u00e0 un h\u00e9bergement adulte ?&#8230;Toutes ses raisons peuvent vous pousser \u00e0 avoir recours \u00e0 notre service Court-s\u00e9jour\u2026 L&rsquo;objectif de ce service est l&rsquo;accueil r\u00e9sidentiel ponctuel d&rsquo;une personne en situation de handicap. Les s\u00e9jours peuvent \u00eatre multiples et de&hellip; <a class=\"more-link\" href=\"https:\/\/la-pommeraie.be\/index.php\/court-sejour\/\">Poursuivre la lecture <span class=\"screen-reader-text\">Court s\u00e9jour<\/span><\/a><\/p>\n","protected":false},"author":1,"featured_media":0,"parent":0,"menu_order":0,"comment_status":"closed","ping_status":"closed","template":"","meta":{"footnotes":""},"class_list":["post-13","page","type-page","status-publish","hentry","entry"],"_links":{"self":[{"href":"https:\/\/la-pommeraie.be\/index.php\/wp-json\/wp\/v2\/pages\/13","targetHints":{"allow":["GET"]}}],"collection":[{"href":"https:\/\/la-pommeraie.be\/index.php\/wp-json\/wp\/v2\/pages"}],"about":[{"href":"https:\/\/la-pommeraie.be\/index.php\/wp-json\/wp\/v2\/types\/page"}],"author":[{"embeddable":true,"href":"https:\/\/la-pommeraie.be\/index.php\/wp-json\/wp\/v2\/users\/1"}],"replies":[{"embeddable":true,"href":"https:\/\/la-pommeraie.be\/index.php\/wp-json\/wp\/v2\/comments?post=13"}],"version-history":[{"count":17,"href":"https:\/\/la-pommeraie.be\/index.php\/wp-json\/wp\/v2\/pages\/13\/revisions"}],"predecessor-version":[{"id":144,"href":"https:\/\/la-pommeraie.be\/index.php\/wp-json\/wp\/v2\/pages\/13\/revisions\/144"}],"wp:attachment":[{"href":"https:\/\/la-pommeraie.be\/index.php\/wp-json\/wp\/v2\/media?parent=13"}],"curies":[{"name":"wp","href":"https:\/\/api.w.org\/{rel}","templated":true}]}}